{"id":36,"date":"2017-02-16T09:13:19","date_gmt":"2017-02-16T08:13:19","guid":{"rendered":"http:\/\/mxajfmgl.preview.infomaniak.website\/?page_id=36"},"modified":"2022-12-05T07:35:44","modified_gmt":"2022-12-05T06:35:44","slug":"home","status":"publish","type":"page","link":"https:\/\/myminfluence.com\/en\/","title":{"rendered":"Everything you need to know to sell your photos on MYM"},"content":{"rendered":"<p>[et_pb_section fb_built=&#8220;1&#8243; _builder_version=&#8220;4.19.2&#8243; _module_preset=&#8220;default&#8220; custom_margin=&#8220;||||false|false&#8220; custom_padding=&#8220;||55px||false|false&#8220; bottom_divider_color=&#8220;#14c298&#8243; bottom_divider_height=&#8220;55px&#8220; global_colors_info=&#8220;{}&#8220;][et_pb_row _builder_version=&#8220;4.19.2&#8243; _module_preset=&#8220;default&#8220; global_colors_info=&#8220;{}&#8220;][et_pb_column type=&#8220;4_4&#8243; _builder_version=&#8220;4.19.2&#8243; _module_preset=&#8220;default&#8220; global_colors_info=&#8220;{}&#8220;][et_pb_text _builder_version=&#8220;4.19.2&#8243; _module_preset=&#8220;default&#8220; header_font=&#8220;Merriweather|900|||||||&#8220; header_2_font=&#8220;Merriweather|900|||||||&#8220; header_2_text_align=&#8220;center&#8220; global_colors_info=&#8220;{}&#8220;]<\/p>\n<h1>Alles, was du wissen musst, um deine Fotos auf MYM zu verkaufen<\/h1>\n<p>[\/et_pb_text][et_pb_text _builder_version=&#8220;4.19.2&#8243; _module_preset=&#8220;default&#8220; header_2_font=&#8220;Merriweather|700|||||||&#8220; custom_margin=&#8220;||3px|||&#8220; global_colors_info=&#8220;{}&#8220;]<\/p>\n<p>MYM ist eine neue Premium-Website, die es dir erm\u00f6glicht deine Bilder gegen eine monatliche oder j\u00e4hrliche Geb\u00fchr einer gro\u00dfen Community anzubieten. Falls du selbst keine Bilder zum Verkauf hast, sondern als Besucher gerne eine gro\u00dfe Anzahl von exklusiven Fotos zur Auswahl h\u00e4ttest, dann laden wir dich ein <span><a href=\"https:\/\/myminfluence.com\/go-mym\" target=\"_blank\" rel=\"noopener\">MYM Fan<\/a><\/span> zu werden und dich auf dieser franz\u00f6sischen Website zu registrieren. Dort wirst du direkt im <strong>Kontakt mit K\u00fcnstlern, Models und Prominenten<\/strong> stehen und Bilder und Videomaterial sehen k\u00f6nnen, das nicht \u00f6ffentlich ist.<\/p>\n<p>Wenn du jedoch selbst ein talentiertes Model oder ein Fotograf bist, hast du auf MYM die Gelegenheit, deine Fotos einem exklusiven Publikum anzubieten, das bereit ist f\u00fcr diese und neue Projekte zu bezahlen. In diesem Beitrag verrate ich dir <strong>alles, was du wissen musst, um auf MYM deine Fotos zu verkaufen.\u00a0<\/strong><\/p>\n<p>&nbsp;<\/p>\n<p>[\/et_pb_text][et_pb_image src=&#8220;https:\/\/myminfluence.com\/wp-content\/uploads\/2022\/12\/mym-Startseite.jpg&#8220; alt=&#8220;mym startseite&#8220; title_text=&#8220;mym-Startseite&#8220; url=&#8220;https:\/\/myminfluence.com\/go-mym&#8220; _builder_version=&#8220;4.19.2&#8243; _module_preset=&#8220;default&#8220; width=&#8220;50%&#8220; module_alignment=&#8220;center&#8220; global_colors_info=&#8220;{}&#8220;][\/et_pb_image][et_pb_text _builder_version=&#8220;4.19.2&#8243; _module_preset=&#8220;default&#8220; header_2_font=&#8220;Merriweather|700|||||||&#8220; hover_enabled=&#8220;0&#8243; global_colors_info=&#8220;{}&#8220; sticky_enabled=&#8220;0&#8243;]<\/p>\n<h2>\u00a0Die wichtigsten Fakten \u00fcber MYM. Fans im \u00dcberblick<\/h2>\n<ul>\n<li><strong>Offizieller Name<\/strong>: MYM Fans<\/li>\n<li><strong>Website: <span style=\"text-decoration: underline;\"><a href=\"https:\/\/myminfluence.com\/go-mym\" target=\"_blank\" rel=\"noopener\">mym.fans<\/a><\/span><\/strong><\/li>\n<li><strong>Zweck:<\/strong> Premium Plattform, um Fotos online zu verkaufen\/kaufen<\/li>\n<li><strong>Geeignet f\u00fcr:<\/strong> Models, Fotografen, Promis, K\u00fcnstler, Sportler, Schauspieler etc.<\/li>\n<li><strong>Sprachen:<\/strong> Deutsch, Spanisch, Englisch, Italienisch, Russisch, Polnisch, Portugiesisch und Franz\u00f6sisch<\/li>\n<li><strong>M\u00f6gliche Zahlungsmittel f\u00fcr Creator und Fans:<\/strong> Bank\u00fcberweisung, PayPal oder Kryptow\u00e4hrungen<\/li>\n<\/ul>\n<p>[\/et_pb_text][et_pb_button button_url=&#8220;https:\/\/myminfluence.com\/go-mym&#8220; button_text=&#8220;Registrieren Sie sich auf MYM&#8220; button_alignment=&#8220;center&#8220; _builder_version=&#8220;4.19.2&#8243; _module_preset=&#8220;default&#8220; custom_button=&#8220;on&#8220; button_text_size=&#8220;28px&#8220; button_text_color=&#8220;#FFFFFF&#8220; button_bg_color=&#8220;#14c298&#8243; button_border_width=&#8220;0px&#8220; button_border_radius=&#8220;6px&#8220; global_colors_info=&#8220;{}&#8220;][\/et_pb_button][et_pb_text _builder_version=&#8220;4.19.2&#8243; _module_preset=&#8220;default&#8220; header_2_font=&#8220;Merriweather|700|||||||&#8220; global_colors_info=&#8220;{}&#8220;]<\/p>\n<h2>Wie funktioniert MYM im Detail?<\/h2>\n<p>Der Gedanke hinter MYM Fans ist eine Premium-Plattform zur Verf\u00fcgung zu stellen, auf der Fans die M\u00f6glichkeit haben, exklusiven Zugang zu Bildern von Models, Promis und interessanten Pers\u00f6nlichkeiten gegen eine monatliche Geb\u00fchr zu bekommen. Auf der anderen Seite bedeutet das, dass jeder, der seine <strong>Bilder online verkaufen<\/strong> m\u00f6chte, dies \u00fcber MYM Fans machen kann.<\/p>\n<p>Die Seite hat 2 Bereiche:<\/p>\n<p>&nbsp;<\/p>\n<h3>Der \u00f6ffentliche Bereich:<\/h3>\n<p><strong>Der \u00f6ffentliche Bereich ist f\u00fcr jeden zug\u00e4nglich<\/strong> und jeder kann die in diesem Bereich ver\u00f6ffentlichten Bilder sehen. Der Creator hat die Gelegenheit einen kurzen Einblick in seine Arbeit zu geben und zu zeigen, wie er oder sie als Model, Fotograf, etc. t\u00e4tig ist.<\/p>\n<p>&nbsp;<\/p>\n<h3>Der private Bereich:<\/h3>\n<p>Der private Bereich liegt hinter einer Paywall, die \u00fcberwunden wird, indem man eine vom Creator festgelegte Geb\u00fchr bezahlt. Dies bringt Vorteile f\u00fcr beide Seiten, denn der Creator hat sowohl die M\u00f6glichkeit ein <strong>monatliches Gehalt f\u00fcr seine Arbeit zu erhalten<\/strong> als auch private Auftr\u00e4ge von seinen Fans anzunehmen, die er oder sie annehmen oder ablehnen kann. Auf der anderen Seite haben Fans die M\u00f6glichkeit Zugang zu nicht \u00f6ffentlichen Bildern von ihren Stars und Models zu haben oder Bilder nach ihrem Geschmack zu finden oder sogar spezielle Fotos oder Videos in Auftrag zu geben.<\/p>\n<p>&nbsp;<\/p>\n<h3>Wie wird man Creator auf MYM?<\/h3>\n<p>Es ist ganz einfach und intuitiv sich auf MYM als Creator zu registrieren und <strong>Geld verdienen<\/strong> zu k\u00f6nnen. Daf\u00fcr musst du dich einfach mit deinen Daten registrieren und eine Kopie deines Personalausweises hochladen. Dieser wird auf Vollj\u00e4hrigkeit \u00fcberpr\u00fcft und innerhalb von 24 Stunden wird das Profil freigeschalten.<\/p>\n<p>Schon kannst du als Creator beginnen, Bilder und Videos auf deine \u00f6ffentliche und private Seite hochzuladen und diese nach deinen W\u00fcnschen zu konfigurieren.<\/p>\n<p>[\/et_pb_text][et_pb_button button_url=&#8220;https:\/\/myminfluence.com\/go-mym&#8220; button_text=&#8220;Registrieren Sie sich auf MYM&#8220; button_alignment=&#8220;center&#8220; _builder_version=&#8220;4.19.2&#8243; _module_preset=&#8220;default&#8220; custom_button=&#8220;on&#8220; button_text_size=&#8220;28px&#8220; button_text_color=&#8220;#FFFFFF&#8220; button_bg_color=&#8220;#14c298&#8243; button_border_width=&#8220;0px&#8220; button_border_radius=&#8220;6px&#8220; global_colors_info=&#8220;{}&#8220;][\/et_pb_button][et_pb_text _builder_version=&#8220;4.19.2&#8243; _module_preset=&#8220;default&#8220; global_colors_info=&#8220;{}&#8220;]<\/p>\n<h3>Vorteile im Vergleich zu anderen Plattformen<\/h3>\n<p>Es gibt einige Vorteile von MYM im Vergleich mit anderen sozialen Netzwerken, die einen \u00e4hnlichen Zweck haben.<\/p>\n<p>Zum einen ist MYM ein Premium-Netzwerk und bietet einen <strong>hochwertigen Schutz der Inhalte<\/strong> an, die du auf deine Seite l\u00e4dst. Au\u00dferdem werden auch alle Inhalte \u00fcberpr\u00fcft, bevor sie auf der Seite ver\u00f6ffentlicht werden und alle Bilder, die trotz der Schutzma\u00dfnahmen irgendwie von der Website gestohlen werden, werden von einem Rechtsteam verfolgt und sofort von anderen Plattformen entfernt. MYM sorgt daf\u00fcr, dass <strong>alle Bilder auf der Seite sicher sind<\/strong>. \u00a0<\/p>\n<p>MYM bietet au\u00dferdem einige F\u00f6rderprogramme f\u00fcr Creator an und hilft ihnen ihre monatlichen Einnahmen zu steigern.<\/p>\n<p>Ein weiterer Vorteil ist, dass MYM ein eigenes Zahlungsverfahren hat und sich nicht auf Drittanbieter verlassen muss, um korrekt und schnell die verschiedenen Zahlungsprozesse auf der Website abzuwickeln.<\/p>\n<p>[\/et_pb_text][et_pb_image src=&#8220;https:\/\/myminfluence.com\/wp-content\/uploads\/2022\/12\/sell-pictures-online.jpeg&#8220; alt=&#8220;mym creator&#8220; title_text=&#8220;mym creator&#8220; url=&#8220;https:\/\/myminfluence.com\/go-mym&#8220; url_new_window=&#8220;on&#8220; _builder_version=&#8220;4.19.2&#8243; _module_preset=&#8220;default&#8220; width=&#8220;65%&#8220; module_alignment=&#8220;center&#8220; global_colors_info=&#8220;{}&#8220;][\/et_pb_image][et_pb_text _builder_version=&#8220;4.19.2&#8243; _module_preset=&#8220;default&#8220; global_colors_info=&#8220;{}&#8220;]<\/p>\n<h2>Welche Kosten fallen f\u00fcr Creator an?<\/h2>\n<p>Creator, also Models, Promis, Fotografen etc. zahlen erstmals nichts, um ein Profil zu erstellen und ihre eigene Seite auf MYM zu starten. Erst, wenn du mit deinen Bildern Geld verdienst, wird auf diese eine Provision erhoben. Das hei\u00dft, du hast ein sehr geringes Risiko und du kannst dein Gl\u00fcck erstmal kostenlos versuchen. Wenn dann alles funktioniert, wird automatisch die Provision abgezogen. Das Zahlungsschema sieht folgenderma\u00dfen aus:<\/p>\n<p>MYM kassiert die folgenden Prozents\u00e4tze als Provisionen:<\/p>\n<ul>\n<li>25% auf Einnahmen durch Abos<\/li>\n<li>20% auf Einnahmen durch personalisierte Bilder<\/li>\n<li>10% auf Trinkgelder<\/li>\n<\/ul>\n<p>Auf vielen \u00e4hnlichen Websites und sozialen Medien werden viel h\u00f6here Provisionen, die die 50% Marke erreichen, verlangt und damit ist MYM besonders f\u00fcr aufstrebende Models und Influencer von Vorteil und du kannst ohne gro\u00dfes Risiko auf MYM starten, Geld zu verdienen. \u00a0<\/p>\n<p>&nbsp;<\/p>\n<h2>Welche Kosten fallen f\u00fcr Fans an?<\/h2>\n<p>Besucher haben die M\u00f6glichkeit die <strong>Website kostenlos<\/strong> zu benutzen, wenn sie nicht mehr als die Bilder im \u00f6ffentlichen Bereich sehen m\u00f6chten. Alle zahlungspflichtigen Bilder aus dem privaten Bereich sind verschwommen dargestellt und werden erst angezeigt, wenn der Besucher daf\u00fcr bezahlt.<\/p>\n<p>Die Kosten variieren daf\u00fcr stark, da es von dem jeweiligen Influencer, Model oder jedem Creator abh\u00e4ngt, welchen Preis er f\u00fcr seine Abonnements verlangt. Auch die Preise f\u00fcr benutzerdefinierte Bilder werden vom Creator festgelegt.<\/p>\n<p>[\/et_pb_text][et_pb_button button_url=&#8220;https:\/\/myminfluence.com\/go-mym&#8220; button_text=&#8220;Registrieren Sie sich auf MYM&#8220; button_alignment=&#8220;center&#8220; _builder_version=&#8220;4.19.2&#8243; _module_preset=&#8220;default&#8220; custom_button=&#8220;on&#8220; button_text_size=&#8220;28px&#8220; button_text_color=&#8220;#FFFFFF&#8220; button_bg_color=&#8220;#14c298&#8243; button_border_width=&#8220;0px&#8220; button_border_radius=&#8220;6px&#8220; global_colors_info=&#8220;{}&#8220;][\/et_pb_button][et_pb_text _builder_version=&#8220;4.19.2&#8243; _module_preset=&#8220;default&#8220; global_colors_info=&#8220;{}&#8220;]<\/p>\n<h2>6 Tipps, wie man auf MYM Fans als Creator Geld verdienen kann<\/h2>\n<p>Mit diesen 6 wertvollen Tipps, kannst du auf MYM Fans ganz einfach mit deinen Bildern Geld verdienen. Ich erl\u00e4utere sie dir im n\u00e4chsten Punkt noch im Detail:<\/p>\n<ol>\n<li>Regelm\u00e4\u00dfig qualitativ hochwertige Bilder hochladen<\/li>\n<li>Werbung in anderen sozialen Netzwerken machen<\/li>\n<li>Schnelle Antwort auf direkte Anfragen<\/li>\n<li>Regelm\u00e4\u00dfiger Kontakt mit den MYM Fans<\/li>\n<li>Superstar-Programm<\/li>\n<li>Botschafter-Programm<\/li>\n<\/ol>\n<p>&nbsp;<\/p>\n<h3>Regelm\u00e4\u00dfig qualitativ hochwertige Bilder erstellen und hochladen<\/h3>\n<p>Bei MYM geht es um Bilder und diese sollten nat\u00fcrlich ein gro\u00dfes Publikum ansprechen und diesem gefallen. Daf\u00fcr ist es wichtig, regelm\u00e4\u00dfig gute Bilder auf deine Seite zu laden, die ein Abonnement oder einen gewissen Preis rechtfertigen. Ich empfehle dir daf\u00fcr in gute Fotoshootings und Videodreh-Produktionen zu investieren. Achte auf Hintergr\u00fcnde, ein interessantes und vorteilhaftes Posing, Storytelling, die n\u00f6tigen Accessoires und eine Menge Kreativit\u00e4t. Du kannst das selbst oder auch mit einem professionellen Team durchf\u00fchren.<\/p>\n<p>&nbsp;<\/p>\n<h3>Werbung in anderen sozialen Netzwerken machen<\/h3>\n<p>Wenn du bereits in anderen sozialen Netzwerken aktiv bist und m\u00f6glicherweise sogar <strong>Influencer <\/strong>bist, kannst du auf MYM gro\u00dfe Einnahmen erzielen, wenn du auf anderen Seiten Werbung f\u00fcr dein MYM Profil machst. Je mehr Follower du auf deine MYM Seite bringst, desto mehr kannst du verdienen.<\/p>\n<p>Selbstverst\u00e4ndlich ist es auch m\u00f6glich direkt auf MYM zu starten, doch es wird einige Zeit dauern, bis du dir eine Fanbase aufbauen kannst, die dir <strong>ein akzeptables monatliches Einkommen<\/strong> erm\u00f6glicht.<\/p>\n<p>&nbsp;<\/p>\n<h3>Schnelle Antwort auf direkte Anfragen<\/h3>\n<p>Ein wichtiger Punkt des sozialen Netzwerks ist es Fans mit ihren Stars in Kontakt zu bringen, indem sie daf\u00fcr bezahlen ihnen \u00fcber eine gewisse Geb\u00fchr n\u00e4her zu kommen. Deshalb ist es wichtig f\u00fcr die Creator ihren Fans so schnell wie m\u00f6glich ihre Anfragen zu beantworten.<\/p>\n<p>&nbsp;<\/p>\n<h3>Regelm\u00e4\u00dfiger Kontakt mit den MYM Fans<\/h3>\n<p>Wie eben schon erw\u00e4hnt sind die Fans die Grundlage daf\u00fcr, dass du auf dieser Seite mit deinen Bildern Geld verdienen kannst. Deshalb solltest du den <strong>regelm\u00e4\u00dfigen Kontakt mit deinen Fans<\/strong> pflegen. Eine andere M\u00f6glichkeit ihnen noch n\u00e4herzukommen, ist ein <strong>Live-Video<\/strong> zu drehen, um darin die Fans direkt anzusprechen. Nur Abonnenten k\u00f6nnen an diesen Videos teilnehmen und w\u00e4hrend diesen Sitzungen sogar Trinkgeld geben.<\/p>\n<p>&nbsp;<\/p>\n<h3>Das Superstar-Programm<\/h3>\n<p>MYM selbst hat mehrere Programme, die dabei helfen <strong>ihre Creator zu f\u00f6rdern<\/strong>. Dazu z\u00e4hlt zum Beispiel das Superstar-Programm. Das hei\u00dft, wenn du ein guter Creator bist, hast du die M\u00f6glichkeit Teil dieses Programms zu werden und als Premium-Creator mit einem Stern markiert zu werden. Au\u00dferdem hat es Provisionsvorteile von 1% und du kannst in einem Superstar-Filter erscheinen, in dem die Fans die besten Creator finden k\u00f6nnen.<\/p>\n<p>&nbsp;<\/p>\n<h3>Das Botschafter-Programm<\/h3>\n<p>Du kannst auch das Botschafter-Programm ausnutzen, \u00fcber das du anderen Models und Fotografen die Seite weiterempfiehlst. Wenn diese \u00fcber MYM schlie\u00dflich beginnen Geld zu verdienen, kannst du 10% ihrer Einnahmen f\u00fcr dich einkassieren und damit dein Einkommen um einiges aufstocken.<\/p>\n<p>[\/et_pb_text][et_pb_button button_url=&#8220;https:\/\/myminfluence.com\/go-mym&#8220; button_text=&#8220;Registrieren Sie sich auf MYM&#8220; button_alignment=&#8220;center&#8220; _builder_version=&#8220;4.19.2&#8243; _module_preset=&#8220;default&#8220; custom_button=&#8220;on&#8220; button_text_size=&#8220;28px&#8220; button_text_color=&#8220;#FFFFFF&#8220; button_bg_color=&#8220;#14c298&#8243; button_border_width=&#8220;0px&#8220; button_border_radius=&#8220;6px&#8220; global_colors_info=&#8220;{}&#8220;][\/et_pb_button][et_pb_text _builder_version=&#8220;4.19.2&#8243; _module_preset=&#8220;default&#8220; global_colors_info=&#8220;{}&#8220;]<\/p>\n<h2>Wie ist der Auszahlungsprozess f\u00fcr Creator?<\/h2>\n<p>Es gibt ein paar Grundvoraussetzungen, um das Geld, das du auf MYM verdient hast, dir auszahlen zu lassen.<\/p>\n<p>Zum einen musst du mindestens 50$ verdient haben, um eine Auszahlung zu veranlassen, diese kann aber t\u00e4glich, w\u00f6chentlich oder monatlich erfolgen.<\/p>\n<p>Du musst au\u00dferdem ein zertifiziertes Konto haben, also deine <strong>Identit\u00e4t muss \u00fcberpr\u00fcft sein<\/strong>, du musst mindestens 1 Fan auf deiner Seite haben, mindestens 5 Inhalte, egal ob Videos oder Fotos auf deiner Seite hochgeladen haben und deine Kontaktdaten inklusive Handynummer, sowie dein Bankkonto m\u00fcssen best\u00e4tigt sein. Alles in allem sind das Standard-Richtlinien, wie sie auch auf \u00e4hnlichen Seiten, auf denen Zahlungen abgewickelt werden, vorhanden sind.<\/p>\n<p>&nbsp;<\/p>\n<h2>Zusammenfassung<\/h2>\n<p><strong>MYM ist eines der aufstrebenden sozialen Netzwerke der Welt <\/strong>und hat monatlich bereits \u00fcber 7 Millionen Besucher. Doch diese Zahl steigt regelm\u00e4\u00dfig weiter. Wie beschrieben bietet es einige Vorteile im Vergleich zu \u00e4hnlichen Anbietern auf dem Markt. Die wachsende Community und ein angenehmes und gesch\u00fctztes Ambiente helfen dabei bequem mit deinen Bildern Geld zu verdienen und dein Einkommen durch verschiedene Programme aufzustocken.<\/p>\n<p>&nbsp;<\/p>\n<h2>FAQ<\/h2>\n<ol>\n<li><strong>Wie viel kann ich mit meinen Bildern auf MYM verdienen?<\/strong><\/li>\n<\/ol>\n<p>Das h\u00e4ngt von der Anzahl der Abonnenten ab, die du auf deinem MYM Konto hast. Die Einnahmen k\u00f6nnen von mehreren Hunderten bis zu mehreren Tausenden Euro reichen.<\/p>\n<ol start=\"2\">\n<li><strong>Ist MYM besser wie andere soziale Netzwerke, um Bilder zu verkaufen?<\/strong><\/li>\n<\/ol>\n<p>MYM hat sich als vorteilhafter f\u00fcr Models, Fotografen und Prominente herausgestellt, um ihre Bilder gewinnbringend und in einem gesch\u00fctzten Ambiente zu verkaufen.<\/p>\n<ol start=\"3\">\n<li><strong>Welche Arten von Bildern d\u00fcrfen auf MYM Fans verkauft werden?<\/strong><\/li>\n<\/ol>\n<p>Du kannst die Bilder, die du m\u00f6chtest, auf deine private Seite laden. Allerdings werden die Bilder, die auf deiner Seite \u00f6ffentlich gezeigt werden, von einem Redaktionsteam \u00fcberpr\u00fcft, die sie beispielsweise auf Nacktheit \u00fcberpr\u00fcfen.<\/p>\n<p>[\/et_pb_text][et_pb_button button_url=&#8220;https:\/\/myminfluence.com\/go-mym&#8220; button_text=&#8220;Registrieren Sie sich auf MYM&#8220; button_alignment=&#8220;center&#8220; _builder_version=&#8220;4.19.2&#8243; _module_preset=&#8220;default&#8220; custom_button=&#8220;on&#8220; button_text_size=&#8220;28px&#8220; button_text_color=&#8220;#FFFFFF&#8220; button_bg_color=&#8220;#14c298&#8243; button_border_width=&#8220;0px&#8220; button_border_radius=&#8220;6px&#8220; global_colors_info=&#8220;{}&#8220;][\/et_pb_button][\/et_pb_column][\/et_pb_row][\/et_pb_section][et_pb_section fb_built=&#8220;1&#8243; _builder_version=&#8220;4.19.2&#8243; _module_preset=&#8220;default&#8220; custom_margin=&#8220;||||false|false&#8220; custom_padding=&#8220;9px||||false|false&#8220; bottom_divider_style=&#8220;wave&#8220; bottom_divider_color=&#8220;#14c298&#8243; bottom_divider_height=&#8220;55px&#8220; global_colors_info=&#8220;{}&#8220;][et_pb_row _builder_version=&#8220;4.19.2&#8243; _module_preset=&#8220;default&#8220; global_colors_info=&#8220;{}&#8220;][et_pb_column type=&#8220;4_4&#8243; _builder_version=&#8220;4.19.2&#8243; _module_preset=&#8220;default&#8220; global_colors_info=&#8220;{}&#8220;][et_pb_text _builder_version=&#8220;4.19.2&#8243; _module_preset=&#8220;default&#8220; header_2_font=&#8220;Merriweather|900|||||||&#8220; header_2_text_align=&#8220;center&#8220; global_colors_info=&#8220;{}&#8220;]<\/p>\n<h2>Tipps f\u00fcr Ersteller von Social-Media-Inhalten<\/h2>\n<p>[\/et_pb_text][et_pb_blog fullwidth=&#8220;off&#8220; include_categories=&#8220;all&#8220; show_author=&#8220;off&#8220; show_excerpt=&#8220;off&#8220; _builder_version=&#8220;4.19.2&#8243; _module_preset=&#8220;default&#8220; header_font=&#8220;Merriweather|700|||||||&#8220; custom_margin=&#8220;||50px||false|false&#8220; border_radii=&#8220;on|10px|10px|10px|10px&#8220; box_shadow_style=&#8220;preset1&#8243; global_colors_info=&#8220;{}&#8220;][\/et_pb_blog][\/et_pb_column][\/et_pb_row][\/et_pb_section]<\/p>\n","protected":false},"excerpt":{"rendered":"<p>Alles, was du wissen musst, um deine Fotos auf MYM zu verkaufenMYM ist eine neue Premium-Website, die es dir erm\u00f6glicht deine Bilder gegen eine monatliche oder j\u00e4hrliche Geb\u00fchr einer gro\u00dfen Community anzubieten. Falls du selbst keine Bilder zum Verkauf hast, sondern als Besucher gerne eine gro\u00dfe Anzahl von exklusiven Fotos zur Auswahl h\u00e4ttest, dann laden [&hellip;]<\/p>\n","protected":false},"author":1,"featured_media":0,"parent":0,"menu_order":0,"comment_status":"closed","ping_status":"closed","template":"","meta":{"_et_pb_use_builder":"on","_et_pb_old_content":"","_et_gb_content_width":"","footnotes":""},"class_list":["post-36","page","type-page","status-publish","hentry"],"featured_image_src":null,"yoast_head":"<!-- This site is optimized with the Yoast SEO plugin v27.3 - https:\/\/yoast.com\/product\/yoast-seo-wordpress\/ -->\n<title>Alles, was du wissen musst, um deine Fotos auf MYM zu verkaufen<\/title>\n<meta name=\"robots\" content=\"index, follow, max-snippet:-1, max-image-preview:large, max-video-preview:-1\" \/>\n<link rel=\"canonical\" href=\"https:\/\/myminfluence.com\/en\/\" \/>\n<meta property=\"og:locale\" content=\"en_US\" \/>\n<meta property=\"og:type\" content=\"article\" \/>\n<meta property=\"og:title\" content=\"Alles, was du wissen musst, um deine Fotos auf MYM zu verkaufen\" \/>\n<meta property=\"og:description\" content=\"Alles, was du wissen musst, um deine Fotos auf MYM zu verkaufenMYM ist eine neue Premium-Website, die es dir erm\u00f6glicht deine Bilder gegen eine monatliche oder j\u00e4hrliche Geb\u00fchr einer gro\u00dfen Community anzubieten. Falls du selbst keine Bilder zum Verkauf hast, sondern als Besucher gerne eine gro\u00dfe Anzahl von exklusiven Fotos zur Auswahl h\u00e4ttest, dann laden [&hellip;]\" \/>\n<meta property=\"og:url\" content=\"https:\/\/myminfluence.com\/en\/\" \/>\n<meta property=\"og:site_name\" content=\"MYM Influence\" \/>\n<meta property=\"article:modified_time\" content=\"2022-12-05T06:35:44+00:00\" \/>\n<meta name=\"twitter:card\" content=\"summary_large_image\" \/>\n<meta name=\"twitter:label1\" content=\"Est. reading time\" \/>\n\t<meta name=\"twitter:data1\" content=\"10 minutes\" \/>\n<script type=\"application\/ld+json\" class=\"yoast-schema-graph\">{\"@context\":\"https:\\\/\\\/schema.org\",\"@graph\":[{\"@type\":\"WebPage\",\"@id\":\"https:\\\/\\\/myminfluence.com\\\/\",\"url\":\"https:\\\/\\\/myminfluence.com\\\/\",\"name\":\"Alles, was du wissen musst, um deine Fotos auf MYM zu verkaufen\",\"isPartOf\":{\"@id\":\"https:\\\/\\\/myminfluence.com\\\/#website\"},\"datePublished\":\"2017-02-16T08:13:19+00:00\",\"dateModified\":\"2022-12-05T06:35:44+00:00\",\"breadcrumb\":{\"@id\":\"https:\\\/\\\/myminfluence.com\\\/#breadcrumb\"},\"inLanguage\":\"en-US\",\"potentialAction\":[{\"@type\":\"ReadAction\",\"target\":[\"https:\\\/\\\/myminfluence.com\\\/\"]}]},{\"@type\":\"BreadcrumbList\",\"@id\":\"https:\\\/\\\/myminfluence.com\\\/#breadcrumb\",\"itemListElement\":[{\"@type\":\"ListItem\",\"position\":1,\"name\":\"Accueil\",\"item\":\"https:\\\/\\\/myminfluence.com\\\/\"},{\"@type\":\"ListItem\",\"position\":2,\"name\":\"Alles, was du wissen musst, um deine Fotos auf MYM zu verkaufen\"}]},{\"@type\":\"WebSite\",\"@id\":\"https:\\\/\\\/myminfluence.com\\\/#website\",\"url\":\"https:\\\/\\\/myminfluence.com\\\/\",\"name\":\"MYM Influence\",\"description\":\"Alles \u00fcber das soziale Netzwerk von Prominenten\",\"potentialAction\":[{\"@type\":\"SearchAction\",\"target\":{\"@type\":\"EntryPoint\",\"urlTemplate\":\"https:\\\/\\\/myminfluence.com\\\/?s={search_term_string}\"},\"query-input\":{\"@type\":\"PropertyValueSpecification\",\"valueRequired\":true,\"valueName\":\"search_term_string\"}}],\"inLanguage\":\"en-US\"}]}<\/script>\n<!-- \/ Yoast SEO plugin. -->","yoast_head_json":{"title":"Everything you need to know to sell your photos on MYM","robots":{"index":"index","follow":"follow","max-snippet":"max-snippet:-1","max-image-preview":"max-image-preview:large","max-video-preview":"max-video-preview:-1"},"canonical":"https:\/\/myminfluence.com\/en\/","og_locale":"en_US","og_type":"article","og_title":"Alles, was du wissen musst, um deine Fotos auf MYM zu verkaufen","og_description":"Alles, was du wissen musst, um deine Fotos auf MYM zu verkaufenMYM ist eine neue Premium-Website, die es dir erm\u00f6glicht deine Bilder gegen eine monatliche oder j\u00e4hrliche Geb\u00fchr einer gro\u00dfen Community anzubieten. Falls du selbst keine Bilder zum Verkauf hast, sondern als Besucher gerne eine gro\u00dfe Anzahl von exklusiven Fotos zur Auswahl h\u00e4ttest, dann laden [&hellip;]","og_url":"https:\/\/myminfluence.com\/en\/","og_site_name":"MYM Influence","article_modified_time":"2022-12-05T06:35:44+00:00","twitter_card":"summary_large_image","twitter_misc":{"Est. reading time":"10 minutes"},"schema":{"@context":"https:\/\/schema.org","@graph":[{"@type":"WebPage","@id":"https:\/\/myminfluence.com\/","url":"https:\/\/myminfluence.com\/","name":"Everything you need to know to sell your photos on MYM","isPartOf":{"@id":"https:\/\/myminfluence.com\/#website"},"datePublished":"2017-02-16T08:13:19+00:00","dateModified":"2022-12-05T06:35:44+00:00","breadcrumb":{"@id":"https:\/\/myminfluence.com\/#breadcrumb"},"inLanguage":"en-US","potentialAction":[{"@type":"ReadAction","target":["https:\/\/myminfluence.com\/"]}]},{"@type":"BreadcrumbList","@id":"https:\/\/myminfluence.com\/#breadcrumb","itemListElement":[{"@type":"ListItem","position":1,"name":"Accueil","item":"https:\/\/myminfluence.com\/"},{"@type":"ListItem","position":2,"name":"Alles, was du wissen musst, um deine Fotos auf MYM zu verkaufen"}]},{"@type":"WebSite","@id":"https:\/\/myminfluence.com\/#website","url":"https:\/\/myminfluence.com\/","name":"MYM Influence","description":"All about celebrity social network","potentialAction":[{"@type":"SearchAction","target":{"@type":"EntryPoint","urlTemplate":"https:\/\/myminfluence.com\/?s={search_term_string}"},"query-input":{"@type":"PropertyValueSpecification","valueRequired":true,"valueName":"search_term_string"}}],"inLanguage":"en-US"}]}},"_links":{"self":[{"href":"https:\/\/myminfluence.com\/en\/wp-json\/wp\/v2\/pages\/36","targetHints":{"allow":["GET"]}}],"collection":[{"href":"https:\/\/myminfluence.com\/en\/wp-json\/wp\/v2\/pages"}],"about":[{"href":"https:\/\/myminfluence.com\/en\/wp-json\/wp\/v2\/types\/page"}],"author":[{"embeddable":true,"href":"https:\/\/myminfluence.com\/en\/wp-json\/wp\/v2\/users\/1"}],"replies":[{"embeddable":true,"href":"https:\/\/myminfluence.com\/en\/wp-json\/wp\/v2\/comments?post=36"}],"version-history":[{"count":4,"href":"https:\/\/myminfluence.com\/en\/wp-json\/wp\/v2\/pages\/36\/revisions"}],"predecessor-version":[{"id":28922,"href":"https:\/\/myminfluence.com\/en\/wp-json\/wp\/v2\/pages\/36\/revisions\/28922"}],"wp:attachment":[{"href":"https:\/\/myminfluence.com\/en\/wp-json\/wp\/v2\/media?parent=36"}],"curies":[{"name":"wp","href":"https:\/\/api.w.org\/{rel}","templated":true}]}}